{"id":119,"date":"2025-02-18T15:15:07","date_gmt":"2025-02-18T15:15:07","guid":{"rendered":"https:\/\/hofkultur-nw.de\/?page_id=119"},"modified":"2025-05-29T09:21:28","modified_gmt":"2025-05-29T09:21:28","slug":"startseite","status":"publish","type":"page","link":"https:\/\/hofkultur-nw.de\/","title":{"rendered":"750 Jahre Neustadt an der Weinstra\u00dfe"},"content":{"rendered":"<h1>Kultur in den Altstadth\u00f6fen<\/h1>\n<\/p>\n\n\n<p>A<em>m 24. Mai 2025 von 11-18 Uhr \u00f6ffneten in Hintergasse, Zwerchgasse und Mittelgasse die Besitzer die Tore ihrer H\u00f6fe und gaben Einblick in die wundersch\u00f6ne Hinterlandschaft dieses vielleicht sch\u00f6nsten Stra\u00dfennetzwerks Neustadts<\/em><\/p>\n\n\n\n<div class=\"wp-block-buttons is-content-justification-center is-layout-flex wp-container-core-buttons-is-layout-16018d1d wp-block-buttons-is-layout-flex\">\n<div class=\"wp-block-button\"><a class=\"wp-block-button__link has-vivid-red-color has-luminous-vivid-amber-background-color has-text-color has-background has-link-color wp-element-button\" href=\"https:\/\/hofkultur-nw.de\/?page_id=270\">Impressionen vom 24. Mai 2025<\/a><\/div>\n\n\n\n<div class=\"wp-block-button\"><a class=\"wp-block-button__link has-vivid-red-color has-luminous-vivid-amber-background-color has-text-color has-background has-link-color wp-element-button\" href=\"https:\/\/hofkultur-nw.de\/?page_id=63\">Wer machte was, wann und wo<\/a><\/div>\n\n\n\n<div class=\"wp-block-button\"><a class=\"wp-block-button__link has-vivid-red-color has-luminous-vivid-amber-background-color has-text-color has-background has-link-color wp-element-button\" href=\"https:\/\/hofkultur-nw.de\/?page_id=155\">Unsere Sponsoren<\/a><\/div>\n<\/div>\n\n\n\n<figure class=\"wp-block-image size-large\"><img loading=\"lazy\" decoding=\"async\" width=\"701\" height=\"1024\" src=\"https:\/\/hofkultur-nw.de\/wp-content\/uploads\/2025\/04\/Flyer-Web-aussen-3kl-701x1024.jpg\" alt=\"\" class=\"wp-image-187\" srcset=\"https:\/\/hofkultur-nw.de\/wp-content\/uploads\/2025\/04\/Flyer-Web-aussen-3kl-701x1024.jpg 701w, https:\/\/hofkultur-nw.de\/wp-content\/uploads\/2025\/04\/Flyer-Web-aussen-3kl-205x300.jpg 205w, https:\/\/hofkultur-nw.de\/wp-content\/uploads\/2025\/04\/Flyer-Web-aussen-3kl-768x1121.jpg 768w, https:\/\/hofkultur-nw.de\/wp-content\/uploads\/2025\/04\/Flyer-Web-aussen-3kl.jpg 856w\" sizes=\"auto, (max-width: 701px) 100vw, 701px\" \/><\/figure>\n\n\n\n<p><\/p>\n\n\n\n<p class=\"has-medium-font-size\"><strong>&#8222;Hofkultur&#8220; <\/strong><\/p>\n\n\n\n<p class=\"has-medium-font-size\"><strong>&#8211; ein Beitrag des Kunstvereins Neustadt an der Weinstra\u00dfe <\/strong><\/p>\n\n\n\n<p class=\"has-text-align-center has-medium-font-size\"><strong>zum Neustadter 750. Jubil\u00e4um:<\/strong><\/p>\n\n\n\n<div class=\"wp-block-buttons is-content-justification-center is-layout-flex wp-container-core-buttons-is-layout-16018d1d wp-block-buttons-is-layout-flex\">\n<div class=\"wp-block-button\"><a class=\"wp-block-button__link has-vivid-red-color has-luminous-vivid-amber-background-color has-text-color has-background has-link-color wp-element-button\" href=\"http:\/\/kunstverein-nw.de\/\">Kunstverein Neustadt Website<\/a><\/div>\n<\/div>\n\n\n\n<p><\/p>\n","protected":false},"excerpt":{"rendered":"<p>Kultur in den Altstadth\u00f6fen Am 24. Mai 2025 von 11-18 Uhr \u00f6ffneten in Hintergasse, Zwerchgasse und Mittelgasse die Besitzer die Tore ihrer H\u00f6fe und gaben Einblick in die wundersch\u00f6ne Hinterlandschaft dieses vielleicht sch\u00f6nsten Stra\u00dfennetzwerks Neustadts &#8222;Hofkultur&#8220; &#8211; ein Beitrag des Kunstvereins Neustadt an der Weinstra\u00dfe zum Neustadter 750. Jubil\u00e4um:<\/p>\n","protected":false},"author":2,"featured_media":0,"parent":0,"menu_order":0,"comment_status":"closed","ping_status":"closed","template":"","meta":{"advanced_seo_description":"","jetpack_seo_html_title":"","jetpack_seo_noindex":false,"footnotes":""},"class_list":["post-119","page","type-page","status-publish","hentry"],"jetpack_sharing_enabled":true,"_links":{"self":[{"href":"https:\/\/hofkultur-nw.de\/index.php?rest_route=\/wp\/v2\/pages\/119","targetHints":{"allow":["GET"]}}],"collection":[{"href":"https:\/\/hofkultur-nw.de\/index.php?rest_route=\/wp\/v2\/pages"}],"about":[{"href":"https:\/\/hofkultur-nw.de\/index.php?rest_route=\/wp\/v2\/types\/page"}],"author":[{"embeddable":true,"href":"https:\/\/hofkultur-nw.de\/index.php?rest_route=\/wp\/v2\/users\/2"}],"replies":[{"embeddable":true,"href":"https:\/\/hofkultur-nw.de\/index.php?rest_route=%2Fwp%2Fv2%2Fcomments&post=119"}],"version-history":[{"count":23,"href":"https:\/\/hofkultur-nw.de\/index.php?rest_route=\/wp\/v2\/pages\/119\/revisions"}],"predecessor-version":[{"id":505,"href":"https:\/\/hofkultur-nw.de\/index.php?rest_route=\/wp\/v2\/pages\/119\/revisions\/505"}],"wp:attachment":[{"href":"https:\/\/hofkultur-nw.de\/index.php?rest_route=%2Fwp%2Fv2%2Fmedia&parent=119"}],"curies":[{"name":"wp","href":"https:\/\/api.w.org\/{rel}","templated":true}]}}