{"id":155,"date":"2025-04-08T23:53:20","date_gmt":"2025-04-08T23:53:20","guid":{"rendered":"https:\/\/hofkultur-nw.de\/?page_id=155"},"modified":"2025-04-17T11:29:39","modified_gmt":"2025-04-17T11:29:39","slug":"unsere-sponsoren","status":"publish","type":"page","link":"https:\/\/hofkultur-nw.de\/?page_id=155","title":{"rendered":"Unsere Sponsoren"},"content":{"rendered":"\n<p>Die Hofkultur in den Altstadth\u00f6fen wurde freundlicherweise von den folgenden Unternehmen unterst\u00fctzt:<\/p>\n\n\n\n<figure class=\"wp-block-image size-large is-style-rectangular\"><img loading=\"lazy\" decoding=\"async\" width=\"1024\" height=\"518\" src=\"https:\/\/hofkultur-nw.de\/wp-content\/uploads\/2025\/04\/Sponsoren-Logos-1024x518.jpg\" alt=\"\" class=\"wp-image-168\" srcset=\"https:\/\/hofkultur-nw.de\/wp-content\/uploads\/2025\/04\/Sponsoren-Logos-1024x518.jpg 1024w, https:\/\/hofkultur-nw.de\/wp-content\/uploads\/2025\/04\/Sponsoren-Logos-300x152.jpg 300w, https:\/\/hofkultur-nw.de\/wp-content\/uploads\/2025\/04\/Sponsoren-Logos-768x388.jpg 768w, https:\/\/hofkultur-nw.de\/wp-content\/uploads\/2025\/04\/Sponsoren-Logos-1536x777.jpg 1536w, https:\/\/hofkultur-nw.de\/wp-content\/uploads\/2025\/04\/Sponsoren-Logos-2048x1036.jpg 2048w\" sizes=\"auto, (max-width: 1024px) 100vw, 1024px\" \/><\/figure>\n\n\n\n<figure class=\"wp-block-table aligncenter\"><table class=\"has-black-color has-text-color has-background has-link-color has-fixed-layout\" style=\"background:linear-gradient(281deg,rgba(252,185,0,1) 0%,rgba(255,105,0,1) 100%)\"><tbody><tr><td class=\"has-text-align-center\" data-align=\"center\"><br>Bausoftware <br><strong><em>SOFTTECH<\/em> GmbH<\/strong><br>Maximilianstra\u00dfe 39<br>67433 Neustadt\/ Weinstra\u00dfe<\/td><td class=\"has-text-align-center\" data-align=\"center\"><br><strong>MARTENS &amp; PRAHL Versicherungskontor <\/strong>Neustadt\/Weinstra\u00dfe GmbH<br>Gartenstra\u00dfe 30A<br>67433 Neustadt an der Weinstra\u00dfe<br>&nbsp;<\/td><\/tr><tr><td class=\"has-text-align-center\" data-align=\"center\"><strong>Hellenbrand Maschinenbau GmbH<\/strong><br>Beerentalstra\u00dfe 3<br>67466 Lambrecht (Pfalz)<\/td><td class=\"has-text-align-center\" data-align=\"center\"><strong>Sparkasse Rhein-Haardt<\/strong><\/td><\/tr><tr><td class=\"has-text-align-center\" data-align=\"center\"><strong>Stadtwerke Neustadt an der Weinstra\u00dfe GmbH<\/strong><br>Schlachthofstra\u00dfe 60<br>67433 Neustadt an der Weinstra\u00dfe<\/td><td class=\"has-text-align-center\" data-align=\"center\"><strong>RULAND Engineering &amp; Consulting GmbH<\/strong><br>Im Altenschemel 55<br>67435 Neustadt an der Weinstra\u00dfe<\/td><\/tr><\/tbody><\/table><\/figure>\n","protected":false},"excerpt":{"rendered":"<p>Die Hofkultur in den Altstadth\u00f6fen wurde freundlicherweise von den folgenden Unternehmen unterst\u00fctzt: Bausoftware SOFTTECH GmbHMaximilianstra\u00dfe 3967433 Neustadt\/ Weinstra\u00dfe MARTENS &amp; PRAHL Versicherungskontor Neustadt\/Weinstra\u00dfe GmbHGartenstra\u00dfe 30A67433 Neustadt an der Weinstra\u00dfe&nbsp; Hellenbrand Maschinenbau GmbHBeerentalstra\u00dfe 367466 Lambrecht (Pfalz) Sparkasse Rhein-Haardt Stadtwerke Neustadt an der Weinstra\u00dfe GmbHSchlachthofstra\u00dfe 6067433 Neustadt an der Weinstra\u00dfe RULAND Engineering &amp; Consulting GmbHIm Altenschemel 5567435 [&hellip;]<\/p>\n","protected":false},"author":2,"featured_media":0,"parent":0,"menu_order":5,"comment_status":"closed","ping_status":"closed","template":"","meta":{"advanced_seo_description":"","jetpack_seo_html_title":"","jetpack_seo_noindex":false,"footnotes":""},"class_list":["post-155","page","type-page","status-publish","hentry"],"jetpack_sharing_enabled":true,"_links":{"self":[{"href":"https:\/\/hofkultur-nw.de\/index.php?rest_route=\/wp\/v2\/pages\/155","targetHints":{"allow":["GET"]}}],"collection":[{"href":"https:\/\/hofkultur-nw.de\/index.php?rest_route=\/wp\/v2\/pages"}],"about":[{"href":"https:\/\/hofkultur-nw.de\/index.php?rest_route=\/wp\/v2\/types\/page"}],"author":[{"embeddable":true,"href":"https:\/\/hofkultur-nw.de\/index.php?rest_route=\/wp\/v2\/users\/2"}],"replies":[{"embeddable":true,"href":"https:\/\/hofkultur-nw.de\/index.php?rest_route=%2Fwp%2Fv2%2Fcomments&post=155"}],"version-history":[{"count":9,"href":"https:\/\/hofkultur-nw.de\/index.php?rest_route=\/wp\/v2\/pages\/155\/revisions"}],"predecessor-version":[{"id":182,"href":"https:\/\/hofkultur-nw.de\/index.php?rest_route=\/wp\/v2\/pages\/155\/revisions\/182"}],"wp:attachment":[{"href":"https:\/\/hofkultur-nw.de\/index.php?rest_route=%2Fwp%2Fv2%2Fmedia&parent=155"}],"curies":[{"name":"wp","href":"https:\/\/api.w.org\/{rel}","templated":true}]}}