{"id":30,"date":"2024-12-18T22:05:32","date_gmt":"2024-12-18T22:05:32","guid":{"rendered":"https:\/\/hofkultur-nw.de\/?page_id=30"},"modified":"2025-05-12T09:16:02","modified_gmt":"2025-05-12T09:16:02","slug":"impressum","status":"publish","type":"page","link":"https:\/\/hofkultur-nw.de\/?page_id=30","title":{"rendered":"Impressum"},"content":{"rendered":"\n<div class=\"wp-block-media-text is-stacked-on-mobile\"><figure class=\"wp-block-media-text__media\"><img loading=\"lazy\" decoding=\"async\" width=\"1024\" height=\"516\" src=\"https:\/\/hofkultur-nw.de\/wp-content\/uploads\/2024\/12\/head2-1024x516.jpg\" alt=\"\" class=\"wp-image-8 size-full\" srcset=\"https:\/\/hofkultur-nw.de\/wp-content\/uploads\/2024\/12\/head2-1024x516.jpg 1024w, https:\/\/hofkultur-nw.de\/wp-content\/uploads\/2024\/12\/head2-300x151.jpg 300w, https:\/\/hofkultur-nw.de\/wp-content\/uploads\/2024\/12\/head2-768x387.jpg 768w, https:\/\/hofkultur-nw.de\/wp-content\/uploads\/2024\/12\/head2-1536x775.jpg 1536w, https:\/\/hofkultur-nw.de\/wp-content\/uploads\/2024\/12\/head2-2048x1033.jpg 2048w\" sizes=\"auto, (max-width: 1024px) 100vw, 1024px\" \/><\/figure><div class=\"wp-block-media-text__content\">\n<p><strong>Impressum&nbsp;<\/strong><strong><\/strong><\/p>\n\n\n\n<p>Anbietererkennung gem\u00e4\u00df \u00a7 5 TMG<\/p>\n\n\n\n<p><strong>Verantwortlich f\u00fcr den Inhalt der Homepage nach \u00a7 55 Abs. 2 RStV:<\/strong><\/p>\n\n\n\n<p><strong>Rolf F. Schreiber<\/strong><\/p>\n\n\n\n<p>Schulhof 2<\/p>\n\n\n\n<p>76829 Landau<\/p>\n\n\n\n<figure class=\"wp-block-image size-large is-resized\"><a href=\"https:\/\/rolf-schreiber.de\/\"><img loading=\"lazy\" decoding=\"async\" width=\"764\" height=\"1024\" src=\"https:\/\/hofkultur-nw.de\/wp-content\/uploads\/2025\/05\/RFS-Logo-Transparent-1000px-B16-764x1024.jpg\" alt=\"\" class=\"wp-image-253\" style=\"width:74px;height:auto\" srcset=\"https:\/\/hofkultur-nw.de\/wp-content\/uploads\/2025\/05\/RFS-Logo-Transparent-1000px-B16-764x1024.jpg 764w, https:\/\/hofkultur-nw.de\/wp-content\/uploads\/2025\/05\/RFS-Logo-Transparent-1000px-B16-224x300.jpg 224w, https:\/\/hofkultur-nw.de\/wp-content\/uploads\/2025\/05\/RFS-Logo-Transparent-1000px-B16-768x1029.jpg 768w, https:\/\/hofkultur-nw.de\/wp-content\/uploads\/2025\/05\/RFS-Logo-Transparent-1000px-B16.jpg 1000w\" sizes=\"auto, (max-width: 764px) 100vw, 764px\" \/><\/a><\/figure>\n\n\n\n<p><a href=\"https:\/\/rolf-schreiber.de\">https:\/\/rolf-schreiber.de<\/a><\/p>\n\n\n\n<p>E-Mail: r.f.schreiber@t-online.de<\/p>\n\n\n\n<p><strong>Telefonische Nachrichten bitte auf Anrufbeantworter: 06321 348247<\/strong><\/p>\n\n\n\n<h3 class=\"wp-block-heading\">Urheber- und Schutzrechte<\/h3>\n\n\n\n<figure class=\"wp-block-image size-full\"><a href=\"https:\/\/hansgareisart.de\/\"><img loading=\"lazy\" decoding=\"async\" width=\"236\" height=\"50\" src=\"https:\/\/hofkultur-nw.de\/wp-content\/uploads\/2025\/04\/Hans-Gareis.jpg\" alt=\"\" class=\"wp-image-195\"\/><\/a><\/figure>\n\n\n\n<p>Die Grafiken f\u00fcr den Flyer \u201eKultur in den Altstadth\u00f6fen\u201c wurden freundlicherweise von Hans Gareis, Maikammer, f\u00fcr den Kunstverein gestaltet und f\u00fcr diese Website zur Verf\u00fcgung gestellt.<\/p>\n\n\n\n<p>Die auf dieser Website ver\u00f6ffentlichten Inhalte unterliegen dem deutschen Urheber- und Leistungsschutzrecht. Jede vom deutschen Urheber- und Leistungsschutzrecht nicht zugelassene<br>Verwertung bedarf meiner vorherigen schriftlichen Zustimmung.<br>Dies gilt insbesondere f\u00fcr Vervielf\u00e4ltigung, Bearbeitung, \u00dcbersetzung, Einspeicherung, Verarbeitung bzw. Wiedergabe von Inhalten in Datenbanken oder anderen elektronischen Medien und Systemen.<br>Inhalte und Rechte Dritter sind dabei als solche gekennzeichnet.<br>Die unerlaubte Vervielf\u00e4ltigung oder Weitergabe einzelner Inhalte oder kompletter Seiten ist nicht gestattet und strafbar. Lediglich die Herstellung von Kopien und Downloads f\u00fcr den pers\u00f6nlichen,<br>privaten und nicht kommerziellen Gebrauch ist erlaubt.<br><br>Die Darstellung dieser Website in fremden Frames ist nur mit schriftlicher Erlaubnis zul\u00e4ssig.<\/p>\n<\/div><\/div>\n","protected":false},"excerpt":{"rendered":"","protected":false},"author":2,"featured_media":0,"parent":0,"menu_order":6,"comment_status":"closed","ping_status":"closed","template":"","meta":{"advanced_seo_description":"","jetpack_seo_html_title":"","jetpack_seo_noindex":false,"footnotes":""},"class_list":["post-30","page","type-page","status-publish","hentry"],"jetpack_sharing_enabled":true,"_links":{"self":[{"href":"https:\/\/hofkultur-nw.de\/index.php?rest_route=\/wp\/v2\/pages\/30","targetHints":{"allow":["GET"]}}],"collection":[{"href":"https:\/\/hofkultur-nw.de\/index.php?rest_route=\/wp\/v2\/pages"}],"about":[{"href":"https:\/\/hofkultur-nw.de\/index.php?rest_route=\/wp\/v2\/types\/page"}],"author":[{"embeddable":true,"href":"https:\/\/hofkultur-nw.de\/index.php?rest_route=\/wp\/v2\/users\/2"}],"replies":[{"embeddable":true,"href":"https:\/\/hofkultur-nw.de\/index.php?rest_route=%2Fwp%2Fv2%2Fcomments&post=30"}],"version-history":[{"count":7,"href":"https:\/\/hofkultur-nw.de\/index.php?rest_route=\/wp\/v2\/pages\/30\/revisions"}],"predecessor-version":[{"id":257,"href":"https:\/\/hofkultur-nw.de\/index.php?rest_route=\/wp\/v2\/pages\/30\/revisions\/257"}],"wp:attachment":[{"href":"https:\/\/hofkultur-nw.de\/index.php?rest_route=%2Fwp%2Fv2%2Fmedia&parent=30"}],"curies":[{"name":"wp","href":"https:\/\/api.w.org\/{rel}","templated":true}]}}