{"id":63,"date":"2025-01-21T18:50:40","date_gmt":"2025-01-21T18:50:40","guid":{"rendered":"https:\/\/hofkultur-nw.de\/?page_id=63"},"modified":"2025-05-31T07:48:53","modified_gmt":"2025-05-31T07:48:53","slug":"hofkultur-neustadt-a-d-weinstrasse","status":"publish","type":"page","link":"https:\/\/hofkultur-nw.de\/?page_id=63","title":{"rendered":"Kultur in den Altstadth\u00f6fen 2025 &#8211; Neustadt an der Weinstrasse"},"content":{"rendered":"<div class=\"wp-block-image\">\n<figure class=\"aligncenter size-large is-resized\"><img loading=\"lazy\" decoding=\"async\" width=\"750\" height=\"1024\" src=\"https:\/\/hofkultur-nw.de\/wp-content\/uploads\/2025\/04\/Hofkultur-Flyer-Web2-2MB-Scharf-1-750x1024.jpg\" alt=\"\" class=\"wp-image-247\" style=\"width:840px;height:auto\" srcset=\"https:\/\/hofkultur-nw.de\/wp-content\/uploads\/2025\/04\/Hofkultur-Flyer-Web2-2MB-Scharf-1-750x1024.jpg 750w, https:\/\/hofkultur-nw.de\/wp-content\/uploads\/2025\/04\/Hofkultur-Flyer-Web2-2MB-Scharf-1-220x300.jpg 220w, https:\/\/hofkultur-nw.de\/wp-content\/uploads\/2025\/04\/Hofkultur-Flyer-Web2-2MB-Scharf-1-768x1048.jpg 768w, https:\/\/hofkultur-nw.de\/wp-content\/uploads\/2025\/04\/Hofkultur-Flyer-Web2-2MB-Scharf-1-1125x1536.jpg 1125w, https:\/\/hofkultur-nw.de\/wp-content\/uploads\/2025\/04\/Hofkultur-Flyer-Web2-2MB-Scharf-1-1500x2048.jpg 1500w, https:\/\/hofkultur-nw.de\/wp-content\/uploads\/2025\/04\/Hofkultur-Flyer-Web2-2MB-Scharf-1-scaled.jpg 1875w\" sizes=\"auto, (max-width: 750px) 100vw, 750px\" \/><\/figure>\n<\/div>\n\n\n<div class=\"wp-block-media-text is-stacked-on-mobile\"><figure class=\"wp-block-media-text__media\"><img loading=\"lazy\" decoding=\"async\" width=\"640\" height=\"480\" src=\"https:\/\/hofkultur-nw.de\/wp-content\/uploads\/2025\/04\/Dueck-4-1.jpg\" alt=\"\" class=\"wp-image-221 size-full\" srcset=\"https:\/\/hofkultur-nw.de\/wp-content\/uploads\/2025\/04\/Dueck-4-1.jpg 640w, https:\/\/hofkultur-nw.de\/wp-content\/uploads\/2025\/04\/Dueck-4-1-300x225.jpg 300w\" sizes=\"auto, (max-width: 640px) 100vw, 640px\" \/><\/figure><div class=\"wp-block-media-text__content\">\n<p><em>In 750 Jahren sind malerische H\u00f6fe in Neustadts historischer Altstadt gewachsen. Am 24. Mai 2025 von 11-18 Uhr \u00f6ffnen in Hintergasse, Zwerchgasse und Mittelgasse die Besitzer die Tore ihrer H\u00f6fe und geben Einblick in die wundersch\u00f6ne Hinterlandschaft dieses vielleicht sch\u00f6nsten Stra\u00dfennetzwerks Neustadts und zeigen moderne kulturelle Ausdrucksformen wie Kunst, Literatur, Musik, Schauspiel und Performance im Rahmen des legend\u00e4r gewordenen \u201eHofkultur\u201c-Festivals.<\/em><\/p>\n\n\n\n<p>Dr. Katharina D\u00fcck<\/p>\n\n\n\n<div class=\"wp-block-buttons is-content-justification-center is-layout-flex wp-container-core-buttons-is-layout-16018d1d wp-block-buttons-is-layout-flex\">\n<div class=\"wp-block-button\"><a class=\"wp-block-button__link has-vivid-red-color has-luminous-vivid-amber-background-color has-text-color has-background has-link-color wp-element-button\" href=\"https:\/\/hofkultur-nw.de\/?page_id=202\">Willkommensgru\u00df vom Kunstverein<\/a><\/div>\n\n\n\n<div class=\"wp-block-button\"><a class=\"wp-block-button__link has-vivid-red-color has-luminous-vivid-amber-background-color has-text-color has-background has-link-color wp-element-button\" href=\"https:\/\/hofkultur-nw.de\/?page_id=190\">Gru\u00dfwort von Oberb\u00fcrgermeister Marc Weigel<\/a><\/div>\n\n\n\n<div class=\"wp-block-button\"><a class=\"wp-block-button__link has-vivid-red-color has-luminous-vivid-amber-background-color has-text-color has-background has-link-color wp-element-button\" href=\"https:\/\/hofkultur-nw.de\/?page_id=85\">Erinnerungen an bisherige Hofkultur<\/a><\/div>\n\n\n\n<div class=\"wp-block-button\"><a class=\"wp-block-button__link has-vivid-red-color has-luminous-vivid-amber-background-color has-text-color has-background has-link-color wp-element-button\" href=\"https:\/\/hofkultur-nw.de\/?page_id=270&amp;page=4\">Hofkultur-Team 2025<\/a><\/div>\n<\/div>\n\n\n\n<p>\u00a0<\/p>\n<\/div><\/div>\n\n\n\n<p><\/p>\n","protected":false},"excerpt":{"rendered":"","protected":false},"author":2,"featured_media":23,"parent":0,"menu_order":1,"comment_status":"closed","ping_status":"closed","template":"","meta":{"advanced_seo_description":"","jetpack_seo_html_title":"","jetpack_seo_noindex":false,"footnotes":""},"class_list":["post-63","page","type-page","status-publish","has-post-thumbnail","hentry"],"jetpack_sharing_enabled":true,"_links":{"self":[{"href":"https:\/\/hofkultur-nw.de\/index.php?rest_route=\/wp\/v2\/pages\/63","targetHints":{"allow":["GET"]}}],"collection":[{"href":"https:\/\/hofkultur-nw.de\/index.php?rest_route=\/wp\/v2\/pages"}],"about":[{"href":"https:\/\/hofkultur-nw.de\/index.php?rest_route=\/wp\/v2\/types\/page"}],"author":[{"embeddable":true,"href":"https:\/\/hofkultur-nw.de\/index.php?rest_route=\/wp\/v2\/users\/2"}],"replies":[{"embeddable":true,"href":"https:\/\/hofkultur-nw.de\/index.php?rest_route=%2Fwp%2Fv2%2Fcomments&post=63"}],"version-history":[{"count":23,"href":"https:\/\/hofkultur-nw.de\/index.php?rest_route=\/wp\/v2\/pages\/63\/revisions"}],"predecessor-version":[{"id":517,"href":"https:\/\/hofkultur-nw.de\/index.php?rest_route=\/wp\/v2\/pages\/63\/revisions\/517"}],"wp:featuredmedia":[{"embeddable":true,"href":"https:\/\/hofkultur-nw.de\/index.php?rest_route=\/wp\/v2\/media\/23"}],"wp:attachment":[{"href":"https:\/\/hofkultur-nw.de\/index.php?rest_route=%2Fwp%2Fv2%2Fmedia&parent=63"}],"curies":[{"name":"wp","href":"https:\/\/api.w.org\/{rel}","templated":true}]}}