{"id":79,"date":"2025-01-22T16:56:07","date_gmt":"2025-01-22T16:56:07","guid":{"rendered":"https:\/\/hofkultur-nw.de\/?page_id=79"},"modified":"2025-01-27T16:45:26","modified_gmt":"2025-01-27T16:45:26","slug":"bewerbungsbogen-fuer-die-hofkultur","status":"publish","type":"page","link":"https:\/\/hofkultur-nw.de\/?page_id=79","title":{"rendered":"Bewerbungsbogen f\u00fcr die Hofkultur"},"content":{"rendered":"<table id=\"m--background-table\" border=\"0\" width=\"100%\" cellspacing=\"0\" cellpadding=\"0\">\n<tbody>\n<tr>\n<td align=\"center\" valign=\"top\" bgcolor=\"#f2e4e4\">\n<table class=\"m--header\" border=\"0\" width=\"580\" cellspacing=\"0\" cellpadding=\"0\" align=\"center\">\n<tbody>\n<tr>\n<td class=\"m--content-container\" align=\"center\" valign=\"top\">\n<table class=\"m--content\" border=\"0\" width=\"580\" cellspacing=\"0\" cellpadding=\"0\" align=\"center\">\n<tbody>\n<tr>\n<td class=\"m--container\" align=\"center\" valign=\"top\" bgcolor=\"transparent\">\n<table class=\"m--row\" border=\"0\" width=\"100%\" cellspacing=\"0\" cellpadding=\"0\">\n<tbody>\n<tr>\n<th class=\"m--col\" align=\"center\" valign=\"middle\" width=\"100%\">\n<table border=\"0\" width=\"100%\" cellspacing=\"0\" cellpadding=\"0\">\n<tbody>\n<tr>\n<td align=\"center\" valign=\"middle\">\n<table border=\"0\" width=\"100%\" cellspacing=\"0\" cellpadding=\"0\">\n<tbody>\n<tr>\n<td class=\"fallback-topfooterfont\" align=\"center\"><a title=\"Web-Ansicht\" href=\"https:\/\/t875e727c.emailsys1a.net\/mailing\/259\/8051499\/231546\/221\/87a3172771\/index.html\" target=\"_blank\" rel=\"noopener\">Wenn dieser Newsletter nicht richtig angezeigt wird, klicken Sie bitte hier.<\/a><\/td>\n<\/tr>\n<\/tbody>\n<\/table>\n<\/td>\n<\/tr>\n<\/tbody>\n<\/table>\n<\/th>\n<\/tr>\n<\/tbody>\n<\/table>\n<\/td>\n<\/tr>\n<\/tbody>\n<\/table>\n<\/td>\n<\/tr>\n<\/tbody>\n<\/table>\n<\/td>\n<\/tr>\n<tr>\n<td align=\"center\" valign=\"top\" bgcolor=\"#f2e4e4\">\n<table class=\"m--base\" border=\"0\" width=\"580\" cellspacing=\"0\" cellpadding=\"0\" align=\"center\">\n<tbody>\n<tr>\n<td align=\"center\" valign=\"top\" bgcolor=\"#ffffff\">\n<table border=\"0\" width=\"100%\" cellspacing=\"0\" cellpadding=\"0\">\n<tbody>\n<tr>\n<td class=\"m--section-container\" align=\"center\" valign=\"top\">\n<table class=\"m--section\" border=\"0\" width=\"580\" cellspacing=\"0\" cellpadding=\"0\">\n<tbody>\n<tr>\n<td align=\"center\" valign=\"top\" bgcolor=\"#ffffff\">\n<table border=\"0\" width=\"100%\" cellspacing=\"0\" cellpadding=\"0\">\n<tbody>\n<tr>\n<td class=\"m--content-container\" align=\"center\" valign=\"top\">\n<table class=\"m--content\" border=\"0\" width=\"580\" cellspacing=\"0\" cellpadding=\"0\" align=\"center\">\n<tbody>\n<tr>\n<td class=\"m--container\" align=\"center\" valign=\"top\" bgcolor=\"#ffffff\">\n<table class=\"m--row\" border=\"0\" width=\"100%\" cellspacing=\"0\" cellpadding=\"0\">\n<tbody>\n<tr>\n<th class=\"m--col\" align=\"center\" valign=\"middle\" width=\"100%\">\n<table border=\"0\" width=\"100%\" cellspacing=\"0\" cellpadding=\"0\">\n<tbody>\n<tr>\n<td align=\"center\" valign=\"middle\">\n<table border=\"0\" cellspacing=\"0\" cellpadding=\"0\">\n<tbody>\n<tr>\n<td align=\"center\" valign=\"top\"><img decoding=\"async\" src=\"https:\/\/c.emailsys1a.net\/mailingassets\/aae0d4aa11de17a655dcaac9c4a85022a918b517.jpg\" alt=\"\" width=\"209\" border=\"0\" \/><\/td>\n<\/tr>\n<\/tbody>\n<\/table>\n<\/td>\n<\/tr>\n<\/tbody>\n<\/table>\n<\/th>\n<\/tr>\n<\/tbody>\n<\/table>\n<\/td>\n<\/tr>\n<\/tbody>\n<\/table>\n<\/td>\n<\/tr>\n<tr>\n<td class=\"m--content-container\" align=\"center\" valign=\"top\">\n<table class=\"m--content\" border=\"0\" width=\"580\" cellspacing=\"0\" cellpadding=\"0\" align=\"center\">\n<tbody>\n<tr>\n<td class=\"m--container\" align=\"center\" valign=\"top\" bgcolor=\"#ffffff\">\n<table class=\"m--row\" border=\"0\" width=\"100%\" cellspacing=\"0\" cellpadding=\"0\">\n<tbody>\n<tr>\n<th class=\"m--col\" align=\"center\" valign=\"middle\" width=\"100%\">\n<table border=\"0\" width=\"100%\" cellspacing=\"0\" cellpadding=\"0\">\n<tbody>\n<tr>\n<td align=\"center\" valign=\"middle\">\n<table border=\"0\" width=\"100%\" cellspacing=\"0\" cellpadding=\"0\">\n<tbody>\n<tr>\n<td class=\"fallback-innerfont\" align=\"left\">Liebe kunstschaffende Mitglieder\/innen des Kunstverein Neustadt,<\/p>\n<p>bei der letzten Mitgliederversammlung am 13.11.2024 wurde mehrheitlich beschlossen, dass sich der Kunstverein Neustadt wieder aktiv am Festprogramm des Rheinland -Pfalz Tages 2025 beteiligt.<\/p>\n<p>Dazu soll die HOFKULTUR wieder beitragen und zu einem der Highlights des Tages in Neustadt werden!<\/p>\n<p>Wer die \u201eHofkultur\u201c noch nicht kennt:<br \/>\n\u201e<i>Am 24.5.2025 von 11 bis 18 Uhr \u00f6ffnen in der Hintergasse, Zwerchgasse und Mittelgasse ( in der Altstadt von Neustadt) die Besitzer die Tore ihrer H\u00f6fe und geben Einblick in die wundersch\u00f6ne &#8222;Hinterlandschaft\u201c dieses vielleicht sch\u00f6nsten Strassennetzwerkes Neustadt und zeigen moderne kulturelle Ausdrucksformen wie Kunst, Literatur, Musik, Schauspiel, und Performance im Rahmen des legend\u00e4r gewordenen \u201eHofkultur-Festivals.\u201c <\/i><\/p>\n<p><i>(Text : Dr. Katharina D\u00fcck)<\/i><\/p>\n<p>Der Kunstverein NW geht mit der Zeit und so n\u00fctzen wir dieses Jahr moderne Programme, um die ehrenamtliche Arbeit effizienter und einfacher zu gestalten.<\/td>\n<\/tr>\n<\/tbody>\n<\/table>\n<\/td>\n<\/tr>\n<\/tbody>\n<\/table>\n<\/th>\n<\/tr>\n<\/tbody>\n<\/table>\n<\/td>\n<\/tr>\n<\/tbody>\n<\/table>\n<\/td>\n<\/tr>\n<tr>\n<td class=\"m--content-container\" align=\"center\" valign=\"top\">\n<table class=\"m--content\" border=\"0\" width=\"580\" cellspacing=\"0\" cellpadding=\"0\" align=\"center\">\n<tbody>\n<tr>\n<td class=\"m--container\" align=\"center\" valign=\"top\" bgcolor=\"#ffffff\">\n<table class=\"m--row\" border=\"0\" width=\"100%\" cellspacing=\"0\" cellpadding=\"0\">\n<tbody>\n<tr>\n<th class=\"m--col\" align=\"center\" valign=\"middle\" width=\"100%\">\n<table border=\"0\" width=\"100%\" cellspacing=\"0\" cellpadding=\"0\">\n<tbody>\n<tr>\n<td align=\"center\" valign=\"middle\">\n<table border=\"0\" width=\"100%\" cellspacing=\"0\" cellpadding=\"0\">\n<tbody>\n<tr>\n<td class=\"fallback-innerfont\" align=\"left\">\n<div><strong>Wir bitten alle interessierte\/n K\u00fcnstler:innen, die an der HOFKULTUR teilnehmen m\u00f6chten, das Bewerbungformular mit den entsprechenden Bildern bis zum 24.1.2025 auszuf\u00fcllen!<\/strong><\/div>\n<div><strong>Hierf\u00fcr einfach den Button anklicken.\u00a0<\/strong><\/div>\n<\/td>\n<\/tr>\n<\/tbody>\n<\/table>\n<\/td>\n<\/tr>\n<\/tbody>\n<\/table>\n<\/th>\n<\/tr>\n<\/tbody>\n<\/table>\n<\/td>\n<\/tr>\n<\/tbody>\n<\/table>\n<\/td>\n<\/tr>\n<tr>\n<td class=\"m--content-container\" align=\"center\" valign=\"top\">\n<table class=\"m--content\" border=\"0\" width=\"580\" cellspacing=\"0\" cellpadding=\"0\" align=\"center\">\n<tbody>\n<tr>\n<td class=\"m--container\" align=\"center\" valign=\"top\" bgcolor=\"#ffffff\">\n<table class=\"m--row\" border=\"0\" width=\"100%\" cellspacing=\"0\" cellpadding=\"0\">\n<tbody>\n<tr>\n<th class=\"m--col\" align=\"center\" valign=\"middle\" width=\"100%\">\n<table border=\"0\" width=\"100%\" cellspacing=\"0\" cellpadding=\"0\">\n<tbody>\n<tr>\n<td align=\"center\" valign=\"middle\">\n<table class=\"m--button\" border=\"0\" cellspacing=\"0\" cellpadding=\"0\">\n<tbody>\n<tr>\n<td align=\"center\" bgcolor=\"#ffb2b2\">Der Bewerbungstermin ist leider abgelaufen<\/td>\n<\/tr>\n<\/tbody>\n<\/table>\n<\/td>\n<\/tr>\n<\/tbody>\n<\/table>\n<\/th>\n<\/tr>\n<\/tbody>\n<\/table>\n<\/td>\n<\/tr>\n<\/tbody>\n<\/table>\n<\/td>\n<\/tr>\n<tr>\n<td class=\"m--content-container\" align=\"center\" valign=\"top\">\n<table class=\"m--content\" border=\"0\" width=\"580\" cellspacing=\"0\" cellpadding=\"0\" align=\"center\">\n<tbody>\n<tr>\n<td class=\"m--container\" align=\"center\" valign=\"top\" bgcolor=\"#ffffff\">\n<table class=\"m--row\" border=\"0\" width=\"100%\" cellspacing=\"0\" cellpadding=\"0\">\n<tbody>\n<tr>\n<th class=\"m--col\" align=\"center\" valign=\"middle\" width=\"100%\">\n<table border=\"0\" width=\"100%\" cellspacing=\"0\" cellpadding=\"0\">\n<tbody>\n<tr>\n<td align=\"center\" valign=\"middle\">\n<table border=\"0\" width=\"100%\" cellspacing=\"0\" cellpadding=\"0\">\n<tbody>\n<tr>\n<td class=\"fallback-innerfont\" align=\"left\">Die Anzahl der beteiligten H\u00f6fe bietet naturgem\u00e4\u00df nur eine begrenzte Fl\u00e4che, weshalb wir<strong>\u00a0anhand\u00a0der eingereichten Werke\u00a0eine Auswahl\u00a0der K\u00fcnstler:innen\u00a0treffen m\u00fcssen.<br \/>\nDiese Auswahl wird durch eine Jury ermittelt.<\/strong><strong>Sie werden rechtzeitig \u00fcber die getroffene Auswahl informiert.<\/strong> Dazu gibt es auch die notwendigen Termine des gesamten Ablaufs (Anlieferung , Aufbau bzw.Abbau und sonstiges).Alle Daten werden ausschlie\u00dflich zum Zwecke des Kunstverein Neustadt genutzt und nach Abschluss gel\u00f6scht.Liebe kreative Gr\u00fc\u00dfe von der k\u00fcnstlerischen LeitungManfred E. Plathe \u00a0\u00a0\u00a0\u00a0\u00a0\u00a0 Jonas J\u00f6rg\u00a0\u00a0 \u00a0 \u00a0 \u00a0 \u00a0\u00a0 Tine Duffing<\/td>\n<\/tr>\n<\/tbody>\n<\/table>\n<\/td>\n<\/tr>\n<\/tbody>\n<\/table>\n<\/th>\n<\/tr>\n<\/tbody>\n<\/table>\n<\/td>\n<\/tr>\n<\/tbody>\n<\/table>\n<\/td>\n<\/tr>\n<tr>\n<td class=\"m--content-container\" align=\"center\" valign=\"top\">\n<table class=\"m--content\" border=\"0\" width=\"580\" cellspacing=\"0\" cellpadding=\"0\" align=\"center\">\n<tbody>\n<tr>\n<td class=\"m--container\" align=\"center\" valign=\"top\" bgcolor=\"#ffffff\">\n<table class=\"m--row\" border=\"0\" width=\"100%\" cellspacing=\"0\" cellpadding=\"0\">\n<tbody>\n<tr>\n<th class=\"m--col\" align=\"center\" valign=\"middle\" width=\"100%\">\n<table border=\"0\" width=\"100%\" cellspacing=\"0\" cellpadding=\"0\">\n<tbody>\n<tr>\n<td align=\"center\" valign=\"middle\">\n<table border=\"0\" width=\"100%\" cellspacing=\"0\" cellpadding=\"0\">\n<tbody>\n<tr>\n<td class=\"m--divider--inner\" align=\"left\" valign=\"top\"><\/td>\n<\/tr>\n<\/tbody>\n<\/table>\n<\/td>\n<\/tr>\n<\/tbody>\n<\/table>\n<\/th>\n<\/tr>\n<\/tbody>\n<\/table>\n<\/td>\n<\/tr>\n<\/tbody>\n<\/table>\n<\/td>\n<\/tr>\n<\/tbody>\n<\/table>\n<\/td>\n<\/tr>\n<\/tbody>\n<\/table>\n<\/td>\n<\/tr>\n<\/tbody>\n<\/table>\n<\/td>\n<\/tr>\n<\/tbody>\n<\/table>\n<\/td>\n<\/tr>\n<tr>\n<td align=\"center\" valign=\"top\" bgcolor=\"#f2e4e4\">\n<table class=\"m--footer\" border=\"0\" width=\"580\" cellspacing=\"0\" cellpadding=\"0\" align=\"center\">\n<tbody>\n<tr>\n<td class=\"m--content-container\" align=\"center\" valign=\"top\">\n<table class=\"m--content\" border=\"0\" width=\"580\" cellspacing=\"0\" cellpadding=\"0\" align=\"center\">\n<tbody>\n<tr>\n<td class=\"m--container\" align=\"center\" valign=\"top\" bgcolor=\"transparent\">\n<table class=\"m--row\" border=\"0\" width=\"100%\" cellspacing=\"0\" cellpadding=\"0\">\n<tbody>\n<tr>\n<th class=\"m--col\" align=\"center\" valign=\"middle\" width=\"100%\">\n<table border=\"0\" width=\"100%\" cellspacing=\"0\" cellpadding=\"0\">\n<tbody>\n<tr>\n<td align=\"center\" valign=\"middle\">\n<table border=\"0\" width=\"100%\" cellspacing=\"0\" cellpadding=\"0\">\n<tbody>\n<tr>\n<td class=\"fallback-topfooterfont\" align=\"center\"><a title=\"Abmelden\" href=\"https:\/\/t875e727c.emailsys1a.net\/259\/8051499\/374\/231546\/221\/3d08017146\/unsubscribe.html\" target=\"_blank\" rel=\"noopener\">Klicken Sie hier um sich aus dem Verteiler abzumelden.<\/a><\/td>\n<\/tr>\n<\/tbody>\n<\/table>\n<\/td>\n<\/tr>\n<\/tbody>\n<\/table>\n<\/th>\n<\/tr>\n<\/tbody>\n<\/table>\n<\/td>\n<\/tr>\n<\/tbody>\n<\/table>\n<\/td>\n<\/tr>\n<\/tbody>\n<\/table>\n<\/td>\n<\/tr>\n<\/tbody>\n<\/table>\n<p><img loading=\"lazy\" decoding=\"async\" src=\"https:\/\/t875e727c.emailsys1a.net\/o\/259\/8051499\/374\/0\/231546\/221\/bf3c34664f.gif\" alt=\"\" width=\"1\" height=\"1\" \/><\/p>\n","protected":false},"excerpt":{"rendered":"<p>Wenn dieser Newsletter nicht richtig angezeigt wird, klicken Sie bitte hier. Liebe kunstschaffende Mitglieder\/innen des Kunstverein Neustadt, bei der letzten Mitgliederversammlung am 13.11.2024 wurde mehrheitlich beschlossen, dass sich der Kunstverein Neustadt wieder aktiv am Festprogramm des Rheinland -Pfalz Tages 2025 beteiligt. Dazu soll die HOFKULTUR wieder beitragen und zu einem der Highlights des Tages in [&hellip;]<\/p>\n","protected":false},"author":2,"featured_media":0,"parent":0,"menu_order":6,"comment_status":"closed","ping_status":"closed","template":"","meta":{"advanced_seo_description":"","jetpack_seo_html_title":"","jetpack_seo_noindex":false,"footnotes":""},"class_list":["post-79","page","type-page","status-publish","hentry"],"jetpack_sharing_enabled":true,"_links":{"self":[{"href":"https:\/\/hofkultur-nw.de\/index.php?rest_route=\/wp\/v2\/pages\/79","targetHints":{"allow":["GET"]}}],"collection":[{"href":"https:\/\/hofkultur-nw.de\/index.php?rest_route=\/wp\/v2\/pages"}],"about":[{"href":"https:\/\/hofkultur-nw.de\/index.php?rest_route=\/wp\/v2\/types\/page"}],"author":[{"embeddable":true,"href":"https:\/\/hofkultur-nw.de\/index.php?rest_route=\/wp\/v2\/users\/2"}],"replies":[{"embeddable":true,"href":"https:\/\/hofkultur-nw.de\/index.php?rest_route=%2Fwp%2Fv2%2Fcomments&post=79"}],"version-history":[{"count":6,"href":"https:\/\/hofkultur-nw.de\/index.php?rest_route=\/wp\/v2\/pages\/79\/revisions"}],"predecessor-version":[{"id":112,"href":"https:\/\/hofkultur-nw.de\/index.php?rest_route=\/wp\/v2\/pages\/79\/revisions\/112"}],"wp:attachment":[{"href":"https:\/\/hofkultur-nw.de\/index.php?rest_route=%2Fwp%2Fv2%2Fmedia&parent=79"}],"curies":[{"name":"wp","href":"https:\/\/api.w.org\/{rel}","templated":true}]}}