{"id":85,"date":"2025-01-24T17:43:48","date_gmt":"2025-01-24T17:43:48","guid":{"rendered":"https:\/\/hofkultur-nw.de\/?page_id=85"},"modified":"2025-04-21T13:38:36","modified_gmt":"2025-04-21T13:38:36","slug":"hofkultur-erinnerungen-rueckblick","status":"publish","type":"page","link":"https:\/\/hofkultur-nw.de\/?page_id=85","title":{"rendered":"Kultur in den Altstadth\u00f6fen &#8211; Erinnerungen"},"content":{"rendered":"\n<p><strong>Die Hofkultur des Kunstvereins, Neustadt an der Weinstra\u00dfe hat Tradition:<\/strong> <\/p>\n\n\n\n<p><strong>Hofkultur-Erinnerungen: Ein R\u00fcckblick von Wolfgang Woinke<\/strong><\/p>\n\n\n\n<figure class=\"wp-block-gallery has-nested-images columns-default is-cropped wp-block-gallery-1 is-layout-flex wp-block-gallery-is-layout-flex\"><div class=\"wp-block-image\">\n<figure class=\"aligncenter size-large\"><img loading=\"lazy\" decoding=\"async\" width=\"811\" height=\"1024\" data-id=\"228\" src=\"https:\/\/hofkultur-nw.de\/wp-content\/uploads\/2025\/04\/Woinke-7-kl-811x1024.jpg\" alt=\"\" class=\"wp-image-228\" srcset=\"https:\/\/hofkultur-nw.de\/wp-content\/uploads\/2025\/04\/Woinke-7-kl-811x1024.jpg 811w, https:\/\/hofkultur-nw.de\/wp-content\/uploads\/2025\/04\/Woinke-7-kl-238x300.jpg 238w, https:\/\/hofkultur-nw.de\/wp-content\/uploads\/2025\/04\/Woinke-7-kl-768x970.jpg 768w, https:\/\/hofkultur-nw.de\/wp-content\/uploads\/2025\/04\/Woinke-7-kl-1216x1536.jpg 1216w, https:\/\/hofkultur-nw.de\/wp-content\/uploads\/2025\/04\/Woinke-7-kl-1622x2048.jpg 1622w, https:\/\/hofkultur-nw.de\/wp-content\/uploads\/2025\/04\/Woinke-7-kl.jpg 1837w\" sizes=\"auto, (max-width: 811px) 100vw, 811px\" \/><\/figure>\n<\/div>\n\n\n<figure class=\"wp-block-image size-large\"><img loading=\"lazy\" decoding=\"async\" width=\"1024\" height=\"950\" data-id=\"207\" src=\"https:\/\/hofkultur-nw.de\/wp-content\/uploads\/2025\/04\/Woinke-10-1024x950.jpg\" alt=\"\" class=\"wp-image-207\" srcset=\"https:\/\/hofkultur-nw.de\/wp-content\/uploads\/2025\/04\/Woinke-10-1024x950.jpg 1024w, https:\/\/hofkultur-nw.de\/wp-content\/uploads\/2025\/04\/Woinke-10-300x278.jpg 300w, https:\/\/hofkultur-nw.de\/wp-content\/uploads\/2025\/04\/Woinke-10-768x712.jpg 768w, https:\/\/hofkultur-nw.de\/wp-content\/uploads\/2025\/04\/Woinke-10-1536x1424.jpg 1536w, https:\/\/hofkultur-nw.de\/wp-content\/uploads\/2025\/04\/Woinke-10-2048x1899.jpg 2048w\" sizes=\"auto, (max-width: 1024px) 100vw, 1024px\" \/><\/figure>\n\n\n\n<figure class=\"wp-block-image size-large\"><img loading=\"lazy\" decoding=\"async\" width=\"1024\" height=\"604\" data-id=\"211\" src=\"https:\/\/hofkultur-nw.de\/wp-content\/uploads\/2025\/04\/Woinke-3-1024x604.jpg\" alt=\"\" class=\"wp-image-211\" srcset=\"https:\/\/hofkultur-nw.de\/wp-content\/uploads\/2025\/04\/Woinke-3-1024x604.jpg 1024w, https:\/\/hofkultur-nw.de\/wp-content\/uploads\/2025\/04\/Woinke-3-300x177.jpg 300w, https:\/\/hofkultur-nw.de\/wp-content\/uploads\/2025\/04\/Woinke-3-768x453.jpg 768w, https:\/\/hofkultur-nw.de\/wp-content\/uploads\/2025\/04\/Woinke-3-1536x906.jpg 1536w, https:\/\/hofkultur-nw.de\/wp-content\/uploads\/2025\/04\/Woinke-3-2048x1208.jpg 2048w\" sizes=\"auto, (max-width: 1024px) 100vw, 1024px\" \/><\/figure>\n\n\n\n<figure class=\"wp-block-image size-large\"><img loading=\"lazy\" decoding=\"async\" width=\"1024\" height=\"604\" data-id=\"206\" src=\"https:\/\/hofkultur-nw.de\/wp-content\/uploads\/2025\/04\/Woinke-6-1024x604.jpg\" alt=\"\" class=\"wp-image-206\" srcset=\"https:\/\/hofkultur-nw.de\/wp-content\/uploads\/2025\/04\/Woinke-6-1024x604.jpg 1024w, https:\/\/hofkultur-nw.de\/wp-content\/uploads\/2025\/04\/Woinke-6-300x177.jpg 300w, https:\/\/hofkultur-nw.de\/wp-content\/uploads\/2025\/04\/Woinke-6-768x453.jpg 768w, https:\/\/hofkultur-nw.de\/wp-content\/uploads\/2025\/04\/Woinke-6-1536x906.jpg 1536w, https:\/\/hofkultur-nw.de\/wp-content\/uploads\/2025\/04\/Woinke-6-2048x1208.jpg 2048w\" sizes=\"auto, (max-width: 1024px) 100vw, 1024px\" \/><\/figure>\n\n\n\n<figure class=\"wp-block-image size-large\"><img loading=\"lazy\" decoding=\"async\" width=\"1024\" height=\"604\" data-id=\"214\" src=\"https:\/\/hofkultur-nw.de\/wp-content\/uploads\/2025\/04\/Woinke-4-1-1024x604.jpg\" alt=\"\" class=\"wp-image-214\" srcset=\"https:\/\/hofkultur-nw.de\/wp-content\/uploads\/2025\/04\/Woinke-4-1-1024x604.jpg 1024w, https:\/\/hofkultur-nw.de\/wp-content\/uploads\/2025\/04\/Woinke-4-1-300x177.jpg 300w, https:\/\/hofkultur-nw.de\/wp-content\/uploads\/2025\/04\/Woinke-4-1-768x453.jpg 768w, https:\/\/hofkultur-nw.de\/wp-content\/uploads\/2025\/04\/Woinke-4-1-1536x906.jpg 1536w, https:\/\/hofkultur-nw.de\/wp-content\/uploads\/2025\/04\/Woinke-4-1-2048x1208.jpg 2048w\" sizes=\"auto, (max-width: 1024px) 100vw, 1024px\" \/><\/figure>\n\n\n\n<figure class=\"wp-block-image size-large\"><img loading=\"lazy\" decoding=\"async\" width=\"1024\" height=\"604\" data-id=\"210\" src=\"https:\/\/hofkultur-nw.de\/wp-content\/uploads\/2025\/04\/Woinke-1-1024x604.jpg\" alt=\"\" class=\"wp-image-210\" srcset=\"https:\/\/hofkultur-nw.de\/wp-content\/uploads\/2025\/04\/Woinke-1-1024x604.jpg 1024w, https:\/\/hofkultur-nw.de\/wp-content\/uploads\/2025\/04\/Woinke-1-300x177.jpg 300w, https:\/\/hofkultur-nw.de\/wp-content\/uploads\/2025\/04\/Woinke-1-768x453.jpg 768w, https:\/\/hofkultur-nw.de\/wp-content\/uploads\/2025\/04\/Woinke-1-1536x906.jpg 1536w, https:\/\/hofkultur-nw.de\/wp-content\/uploads\/2025\/04\/Woinke-1-2048x1208.jpg 2048w\" sizes=\"auto, (max-width: 1024px) 100vw, 1024px\" \/><\/figure>\n\n\n<div class=\"wp-block-image\">\n<figure class=\"aligncenter size-large\"><img loading=\"lazy\" decoding=\"async\" width=\"1024\" height=\"604\" data-id=\"227\" src=\"https:\/\/hofkultur-nw.de\/wp-content\/uploads\/2025\/04\/Woinke-8-kl-1024x604.jpg\" alt=\"\" class=\"wp-image-227\" srcset=\"https:\/\/hofkultur-nw.de\/wp-content\/uploads\/2025\/04\/Woinke-8-kl-1024x604.jpg 1024w, https:\/\/hofkultur-nw.de\/wp-content\/uploads\/2025\/04\/Woinke-8-kl-300x177.jpg 300w, https:\/\/hofkultur-nw.de\/wp-content\/uploads\/2025\/04\/Woinke-8-kl-768x453.jpg 768w, https:\/\/hofkultur-nw.de\/wp-content\/uploads\/2025\/04\/Woinke-8-kl-1536x906.jpg 1536w, https:\/\/hofkultur-nw.de\/wp-content\/uploads\/2025\/04\/Woinke-8-kl-2048x1208.jpg 2048w\" sizes=\"auto, (max-width: 1024px) 100vw, 1024px\" \/><\/figure>\n<\/div>\n\n\n<figure class=\"wp-block-image size-large\"><img loading=\"lazy\" decoding=\"async\" width=\"1024\" height=\"604\" data-id=\"229\" src=\"https:\/\/hofkultur-nw.de\/wp-content\/uploads\/2025\/04\/Woinke-5-kl-1024x604.jpg\" alt=\"\" class=\"wp-image-229\" srcset=\"https:\/\/hofkultur-nw.de\/wp-content\/uploads\/2025\/04\/Woinke-5-kl-1024x604.jpg 1024w, https:\/\/hofkultur-nw.de\/wp-content\/uploads\/2025\/04\/Woinke-5-kl-300x177.jpg 300w, https:\/\/hofkultur-nw.de\/wp-content\/uploads\/2025\/04\/Woinke-5-kl-768x453.jpg 768w, https:\/\/hofkultur-nw.de\/wp-content\/uploads\/2025\/04\/Woinke-5-kl-1536x906.jpg 1536w, https:\/\/hofkultur-nw.de\/wp-content\/uploads\/2025\/04\/Woinke-5-kl-2048x1208.jpg 2048w\" sizes=\"auto, (max-width: 1024px) 100vw, 1024px\" \/><\/figure>\n\n\n\n<figure class=\"wp-block-image size-large\"><img loading=\"lazy\" decoding=\"async\" width=\"1024\" height=\"604\" data-id=\"215\" src=\"https:\/\/hofkultur-nw.de\/wp-content\/uploads\/2025\/04\/Woinke-2-1-1024x604.jpg\" alt=\"\" class=\"wp-image-215\" srcset=\"https:\/\/hofkultur-nw.de\/wp-content\/uploads\/2025\/04\/Woinke-2-1-1024x604.jpg 1024w, https:\/\/hofkultur-nw.de\/wp-content\/uploads\/2025\/04\/Woinke-2-1-300x177.jpg 300w, https:\/\/hofkultur-nw.de\/wp-content\/uploads\/2025\/04\/Woinke-2-1-768x453.jpg 768w, https:\/\/hofkultur-nw.de\/wp-content\/uploads\/2025\/04\/Woinke-2-1-1536x906.jpg 1536w, https:\/\/hofkultur-nw.de\/wp-content\/uploads\/2025\/04\/Woinke-2-1-2048x1208.jpg 2048w\" sizes=\"auto, (max-width: 1024px) 100vw, 1024px\" \/><\/figure>\n\n\n\n<figure class=\"wp-block-image size-large\"><img loading=\"lazy\" decoding=\"async\" width=\"1024\" height=\"604\" data-id=\"226\" src=\"https:\/\/hofkultur-nw.de\/wp-content\/uploads\/2025\/04\/Woinke-9-kl-1024x604.jpg\" alt=\"\" class=\"wp-image-226\" srcset=\"https:\/\/hofkultur-nw.de\/wp-content\/uploads\/2025\/04\/Woinke-9-kl-1024x604.jpg 1024w, https:\/\/hofkultur-nw.de\/wp-content\/uploads\/2025\/04\/Woinke-9-kl-300x177.jpg 300w, https:\/\/hofkultur-nw.de\/wp-content\/uploads\/2025\/04\/Woinke-9-kl-768x453.jpg 768w, https:\/\/hofkultur-nw.de\/wp-content\/uploads\/2025\/04\/Woinke-9-kl-1536x906.jpg 1536w, https:\/\/hofkultur-nw.de\/wp-content\/uploads\/2025\/04\/Woinke-9-kl-2048x1208.jpg 2048w\" sizes=\"auto, (max-width: 1024px) 100vw, 1024px\" \/><\/figure>\n<\/figure>\n\n\n\n<p><\/p>\n\n\n\n<p><strong>Hofkultur-Erinnerungen: Ein R\u00fcckblick von Dr. Katharina D\u00fcck<\/strong><\/p>\n\n\n\n<figure class=\"wp-block-gallery has-nested-images columns-default is-cropped wp-block-gallery-2 is-layout-flex wp-block-gallery-is-layout-flex\"><div class=\"wp-block-image\">\n<figure class=\"aligncenter size-large\"><img loading=\"lazy\" decoding=\"async\" width=\"1024\" height=\"826\" data-id=\"225\" src=\"https:\/\/hofkultur-nw.de\/wp-content\/uploads\/2025\/04\/Dueck-3-Hofkultur-2013-Katharina-Dueck-im-Hof-von-Wolfgang-Glass-kl-1024x826.jpg\" alt=\"\" class=\"wp-image-225\" srcset=\"https:\/\/hofkultur-nw.de\/wp-content\/uploads\/2025\/04\/Dueck-3-Hofkultur-2013-Katharina-Dueck-im-Hof-von-Wolfgang-Glass-kl-1024x826.jpg 1024w, https:\/\/hofkultur-nw.de\/wp-content\/uploads\/2025\/04\/Dueck-3-Hofkultur-2013-Katharina-Dueck-im-Hof-von-Wolfgang-Glass-kl-300x242.jpg 300w, https:\/\/hofkultur-nw.de\/wp-content\/uploads\/2025\/04\/Dueck-3-Hofkultur-2013-Katharina-Dueck-im-Hof-von-Wolfgang-Glass-kl-768x620.jpg 768w, https:\/\/hofkultur-nw.de\/wp-content\/uploads\/2025\/04\/Dueck-3-Hofkultur-2013-Katharina-Dueck-im-Hof-von-Wolfgang-Glass-kl-1536x1239.jpg 1536w, https:\/\/hofkultur-nw.de\/wp-content\/uploads\/2025\/04\/Dueck-3-Hofkultur-2013-Katharina-Dueck-im-Hof-von-Wolfgang-Glass-kl-2048x1652.jpg 2048w\" sizes=\"auto, (max-width: 1024px) 100vw, 1024px\" \/><\/figure>\n<\/div>\n\n\n<figure class=\"wp-block-image size-full\"><img loading=\"lazy\" decoding=\"async\" width=\"640\" height=\"480\" data-id=\"221\" src=\"https:\/\/hofkultur-nw.de\/wp-content\/uploads\/2025\/04\/Dueck-4-1.jpg\" alt=\"\" class=\"wp-image-221\" srcset=\"https:\/\/hofkultur-nw.de\/wp-content\/uploads\/2025\/04\/Dueck-4-1.jpg 640w, https:\/\/hofkultur-nw.de\/wp-content\/uploads\/2025\/04\/Dueck-4-1-300x225.jpg 300w\" sizes=\"auto, (max-width: 640px) 100vw, 640px\" \/><\/figure>\n\n\n\n<figure class=\"wp-block-image size-large\"><img loading=\"lazy\" decoding=\"async\" width=\"1024\" height=\"678\" data-id=\"230\" src=\"https:\/\/hofkultur-nw.de\/wp-content\/uploads\/2025\/04\/Dueck2-kl-1024x678.jpg\" alt=\"\" class=\"wp-image-230\" srcset=\"https:\/\/hofkultur-nw.de\/wp-content\/uploads\/2025\/04\/Dueck2-kl-1024x678.jpg 1024w, https:\/\/hofkultur-nw.de\/wp-content\/uploads\/2025\/04\/Dueck2-kl-300x199.jpg 300w, https:\/\/hofkultur-nw.de\/wp-content\/uploads\/2025\/04\/Dueck2-kl-768x509.jpg 768w, https:\/\/hofkultur-nw.de\/wp-content\/uploads\/2025\/04\/Dueck2-kl-1536x1017.jpg 1536w, https:\/\/hofkultur-nw.de\/wp-content\/uploads\/2025\/04\/Dueck2-kl-2048x1356.jpg 2048w\" sizes=\"auto, (max-width: 1024px) 100vw, 1024px\" \/><\/figure>\n\n\n\n<figure class=\"wp-block-image size-large\"><img loading=\"lazy\" decoding=\"async\" width=\"919\" height=\"1024\" data-id=\"231\" src=\"https:\/\/hofkultur-nw.de\/wp-content\/uploads\/2025\/04\/Dueck1-kl-919x1024.jpg\" alt=\"\" class=\"wp-image-231\" srcset=\"https:\/\/hofkultur-nw.de\/wp-content\/uploads\/2025\/04\/Dueck1-kl-919x1024.jpg 919w, https:\/\/hofkultur-nw.de\/wp-content\/uploads\/2025\/04\/Dueck1-kl-269x300.jpg 269w, https:\/\/hofkultur-nw.de\/wp-content\/uploads\/2025\/04\/Dueck1-kl-768x856.jpg 768w, https:\/\/hofkultur-nw.de\/wp-content\/uploads\/2025\/04\/Dueck1-kl-1378x1536.jpg 1378w, https:\/\/hofkultur-nw.de\/wp-content\/uploads\/2025\/04\/Dueck1-kl-1837x2048.jpg 1837w\" sizes=\"auto, (max-width: 919px) 100vw, 919px\" \/><\/figure>\n<\/figure>\n\n\n\n<p><\/p>\n\n\n\n<p><strong>Hofkultur-Erinnerungen: Ein R\u00fcckblick von Manfred E. Plathe<\/strong><\/p>\n\n\n\n<figure class=\"wp-block-gallery has-nested-images columns-default is-cropped wp-block-gallery-3 is-layout-flex wp-block-gallery-is-layout-flex\">\n<figure class=\"wp-block-image size-large\"><img loading=\"lazy\" decoding=\"async\" width=\"320\" height=\"213\" data-id=\"26\" src=\"https:\/\/hofkultur-nw.de\/wp-content\/uploads\/2024\/12\/IMG_0589.jpeg\" alt=\"\" class=\"wp-image-26\" srcset=\"https:\/\/hofkultur-nw.de\/wp-content\/uploads\/2024\/12\/IMG_0589.jpeg 320w, https:\/\/hofkultur-nw.de\/wp-content\/uploads\/2024\/12\/IMG_0589-300x200.jpeg 300w\" sizes=\"auto, (max-width: 320px) 100vw, 320px\" \/><\/figure>\n\n\n\n<figure class=\"wp-block-image size-large\"><img loading=\"lazy\" decoding=\"async\" width=\"320\" height=\"213\" data-id=\"13\" src=\"https:\/\/hofkultur-nw.de\/wp-content\/uploads\/2024\/12\/7F56E783-B4BF-4C19-8F71-A7D06098D4AF.jpeg\" alt=\"\" class=\"wp-image-13\" srcset=\"https:\/\/hofkultur-nw.de\/wp-content\/uploads\/2024\/12\/7F56E783-B4BF-4C19-8F71-A7D06098D4AF.jpeg 320w, https:\/\/hofkultur-nw.de\/wp-content\/uploads\/2024\/12\/7F56E783-B4BF-4C19-8F71-A7D06098D4AF-300x200.jpeg 300w\" sizes=\"auto, (max-width: 320px) 100vw, 320px\" \/><\/figure>\n\n\n\n<figure class=\"wp-block-image size-large\"><img loading=\"lazy\" decoding=\"async\" width=\"213\" height=\"320\" data-id=\"21\" src=\"https:\/\/hofkultur-nw.de\/wp-content\/uploads\/2024\/12\/IMG_1288.jpeg\" alt=\"\" class=\"wp-image-21\" srcset=\"https:\/\/hofkultur-nw.de\/wp-content\/uploads\/2024\/12\/IMG_1288.jpeg 213w, https:\/\/hofkultur-nw.de\/wp-content\/uploads\/2024\/12\/IMG_1288-200x300.jpeg 200w\" sizes=\"auto, (max-width: 213px) 100vw, 213px\" \/><\/figure>\n\n\n\n<figure class=\"wp-block-image size-large\"><img loading=\"lazy\" decoding=\"async\" width=\"320\" height=\"213\" data-id=\"23\" src=\"https:\/\/hofkultur-nw.de\/wp-content\/uploads\/2024\/12\/ABB527E5-FD2E-4FD4-92FC-1CAC6F009384.jpeg\" alt=\"\" class=\"wp-image-23\" srcset=\"https:\/\/hofkultur-nw.de\/wp-content\/uploads\/2024\/12\/ABB527E5-FD2E-4FD4-92FC-1CAC6F009384.jpeg 320w, https:\/\/hofkultur-nw.de\/wp-content\/uploads\/2024\/12\/ABB527E5-FD2E-4FD4-92FC-1CAC6F009384-300x200.jpeg 300w\" sizes=\"auto, (max-width: 320px) 100vw, 320px\" \/><\/figure>\n\n\n\n<figure class=\"wp-block-image size-large\"><img loading=\"lazy\" decoding=\"async\" width=\"320\" height=\"158\" data-id=\"24\" src=\"https:\/\/hofkultur-nw.de\/wp-content\/uploads\/2024\/12\/IMG_0590.jpeg\" alt=\"\" class=\"wp-image-24\" srcset=\"https:\/\/hofkultur-nw.de\/wp-content\/uploads\/2024\/12\/IMG_0590.jpeg 320w, https:\/\/hofkultur-nw.de\/wp-content\/uploads\/2024\/12\/IMG_0590-300x148.jpeg 300w\" sizes=\"auto, (max-width: 320px) 100vw, 320px\" \/><\/figure>\n\n\n\n<figure class=\"wp-block-image size-large\"><img loading=\"lazy\" decoding=\"async\" width=\"320\" height=\"213\" data-id=\"25\" src=\"https:\/\/hofkultur-nw.de\/wp-content\/uploads\/2024\/12\/2266710A-175B-4755-B737-3274A7BB222F.jpeg\" alt=\"\" class=\"wp-image-25\" srcset=\"https:\/\/hofkultur-nw.de\/wp-content\/uploads\/2024\/12\/2266710A-175B-4755-B737-3274A7BB222F.jpeg 320w, https:\/\/hofkultur-nw.de\/wp-content\/uploads\/2024\/12\/2266710A-175B-4755-B737-3274A7BB222F-300x200.jpeg 300w\" sizes=\"auto, (max-width: 320px) 100vw, 320px\" \/><\/figure>\n\n\n\n<figure class=\"wp-block-image size-large\"><img loading=\"lazy\" decoding=\"async\" width=\"226\" height=\"320\" data-id=\"22\" src=\"https:\/\/hofkultur-nw.de\/wp-content\/uploads\/2024\/12\/IMG_0597.jpeg\" alt=\"\" class=\"wp-image-22\" srcset=\"https:\/\/hofkultur-nw.de\/wp-content\/uploads\/2024\/12\/IMG_0597.jpeg 226w, https:\/\/hofkultur-nw.de\/wp-content\/uploads\/2024\/12\/IMG_0597-212x300.jpeg 212w\" sizes=\"auto, (max-width: 226px) 100vw, 226px\" \/><\/figure>\n\n\n\n<figure class=\"wp-block-image size-large\"><img loading=\"lazy\" decoding=\"async\" width=\"320\" height=\"213\" data-id=\"18\" src=\"https:\/\/hofkultur-nw.de\/wp-content\/uploads\/2024\/12\/C53A1D6C-CC85-418D-87C4-06D6459A90B4.jpeg\" alt=\"\" class=\"wp-image-18\" srcset=\"https:\/\/hofkultur-nw.de\/wp-content\/uploads\/2024\/12\/C53A1D6C-CC85-418D-87C4-06D6459A90B4.jpeg 320w, https:\/\/hofkultur-nw.de\/wp-content\/uploads\/2024\/12\/C53A1D6C-CC85-418D-87C4-06D6459A90B4-300x200.jpeg 300w\" sizes=\"auto, (max-width: 320px) 100vw, 320px\" \/><\/figure>\n\n\n\n<figure class=\"wp-block-image size-large\"><img loading=\"lazy\" decoding=\"async\" width=\"240\" height=\"247\" data-id=\"19\" src=\"https:\/\/hofkultur-nw.de\/wp-content\/uploads\/2024\/12\/CE2F6E2C-E1A6-4F9D-BA7C-B7C7DFF7BF0E_1_201_a.jpeg\" alt=\"\" class=\"wp-image-19\"\/><\/figure>\n\n\n\n<figure class=\"wp-block-image size-large\"><img loading=\"lazy\" decoding=\"async\" width=\"320\" height=\"213\" data-id=\"20\" src=\"https:\/\/hofkultur-nw.de\/wp-content\/uploads\/2024\/12\/F66E8827-0F64-4456-BF21-4BB9A899501D.jpeg\" alt=\"\" class=\"wp-image-20\" srcset=\"https:\/\/hofkultur-nw.de\/wp-content\/uploads\/2024\/12\/F66E8827-0F64-4456-BF21-4BB9A899501D.jpeg 320w, https:\/\/hofkultur-nw.de\/wp-content\/uploads\/2024\/12\/F66E8827-0F64-4456-BF21-4BB9A899501D-300x200.jpeg 300w\" sizes=\"auto, (max-width: 320px) 100vw, 320px\" \/><\/figure>\n\n\n\n<figure class=\"wp-block-image size-large\"><img loading=\"lazy\" decoding=\"async\" width=\"213\" height=\"320\" data-id=\"17\" src=\"https:\/\/hofkultur-nw.de\/wp-content\/uploads\/2024\/12\/A7D74C41-55F6-400E-9354-66496D881BBC.jpeg\" alt=\"\" class=\"wp-image-17\" srcset=\"https:\/\/hofkultur-nw.de\/wp-content\/uploads\/2024\/12\/A7D74C41-55F6-400E-9354-66496D881BBC.jpeg 213w, https:\/\/hofkultur-nw.de\/wp-content\/uploads\/2024\/12\/A7D74C41-55F6-400E-9354-66496D881BBC-200x300.jpeg 200w\" sizes=\"auto, (max-width: 213px) 100vw, 213px\" \/><\/figure>\n\n\n\n<figure class=\"wp-block-image size-large\"><img loading=\"lazy\" decoding=\"async\" width=\"320\" height=\"213\" data-id=\"16\" src=\"https:\/\/hofkultur-nw.de\/wp-content\/uploads\/2024\/12\/A4E9E13A-AE24-4853-BA42-FA7B4E3E0115.jpeg\" alt=\"\" class=\"wp-image-16\" srcset=\"https:\/\/hofkultur-nw.de\/wp-content\/uploads\/2024\/12\/A4E9E13A-AE24-4853-BA42-FA7B4E3E0115.jpeg 320w, https:\/\/hofkultur-nw.de\/wp-content\/uploads\/2024\/12\/A4E9E13A-AE24-4853-BA42-FA7B4E3E0115-300x200.jpeg 300w\" sizes=\"auto, (max-width: 320px) 100vw, 320px\" \/><\/figure>\n\n\n\n<figure class=\"wp-block-image size-large\"><img loading=\"lazy\" decoding=\"async\" width=\"320\" height=\"213\" data-id=\"14\" src=\"https:\/\/hofkultur-nw.de\/wp-content\/uploads\/2024\/12\/26EEFF44-B2E1-46C0-B5E0-7E84E8A40DAD.jpeg\" alt=\"\" class=\"wp-image-14\" srcset=\"https:\/\/hofkultur-nw.de\/wp-content\/uploads\/2024\/12\/26EEFF44-B2E1-46C0-B5E0-7E84E8A40DAD.jpeg 320w, https:\/\/hofkultur-nw.de\/wp-content\/uploads\/2024\/12\/26EEFF44-B2E1-46C0-B5E0-7E84E8A40DAD-300x200.jpeg 300w\" sizes=\"auto, (max-width: 320px) 100vw, 320px\" \/><\/figure>\n\n\n\n<figure class=\"wp-block-image size-large\"><img loading=\"lazy\" decoding=\"async\" width=\"320\" height=\"213\" data-id=\"15\" src=\"https:\/\/hofkultur-nw.de\/wp-content\/uploads\/2024\/12\/37D77EDD-9329-41CE-9C02-D9932FA2A3A2.jpeg\" alt=\"\" class=\"wp-image-15\" srcset=\"https:\/\/hofkultur-nw.de\/wp-content\/uploads\/2024\/12\/37D77EDD-9329-41CE-9C02-D9932FA2A3A2.jpeg 320w, https:\/\/hofkultur-nw.de\/wp-content\/uploads\/2024\/12\/37D77EDD-9329-41CE-9C02-D9932FA2A3A2-300x200.jpeg 300w\" sizes=\"auto, (max-width: 320px) 100vw, 320px\" \/><\/figure>\n<\/figure>\n","protected":false},"excerpt":{"rendered":"<p>Die Hofkultur des Kunstvereins, Neustadt an der Weinstra\u00dfe hat Tradition: Hofkultur-Erinnerungen: Ein R\u00fcckblick von Wolfgang Woinke Hofkultur-Erinnerungen: Ein R\u00fcckblick von Dr. Katharina D\u00fcck Hofkultur-Erinnerungen: Ein R\u00fcckblick von Manfred E. Plathe<\/p>\n","protected":false},"author":2,"featured_media":0,"parent":0,"menu_order":4,"comment_status":"closed","ping_status":"closed","template":"","meta":{"advanced_seo_description":"","jetpack_seo_html_title":"","jetpack_seo_noindex":false,"footnotes":""},"class_list":["post-85","page","type-page","status-publish","hentry"],"jetpack_sharing_enabled":true,"_links":{"self":[{"href":"https:\/\/hofkultur-nw.de\/index.php?rest_route=\/wp\/v2\/pages\/85","targetHints":{"allow":["GET"]}}],"collection":[{"href":"https:\/\/hofkultur-nw.de\/index.php?rest_route=\/wp\/v2\/pages"}],"about":[{"href":"https:\/\/hofkultur-nw.de\/index.php?rest_route=\/wp\/v2\/types\/page"}],"author":[{"embeddable":true,"href":"https:\/\/hofkultur-nw.de\/index.php?rest_route=\/wp\/v2\/users\/2"}],"replies":[{"embeddable":true,"href":"https:\/\/hofkultur-nw.de\/index.php?rest_route=%2Fwp%2Fv2%2Fcomments&post=85"}],"version-history":[{"count":15,"href":"https:\/\/hofkultur-nw.de\/index.php?rest_route=\/wp\/v2\/pages\/85\/revisions"}],"predecessor-version":[{"id":250,"href":"https:\/\/hofkultur-nw.de\/index.php?rest_route=\/wp\/v2\/pages\/85\/revisions\/250"}],"wp:attachment":[{"href":"https:\/\/hofkultur-nw.de\/index.php?rest_route=%2Fwp%2Fv2%2Fmedia&parent=85"}],"curies":[{"name":"wp","href":"https:\/\/api.w.org\/{rel}","templated":true}]}}